{"id":397,"date":"2024-03-26T12:08:36","date_gmt":"2024-03-26T11:08:36","guid":{"rendered":"https:\/\/itsrv.pl\/?page_id=397"},"modified":"2024-03-26T12:15:33","modified_gmt":"2024-03-26T11:15:33","slug":"hosting-stron","status":"publish","type":"page","link":"https:\/\/itsrv.pl\/?page_id=397","title":{"rendered":"Hosting stron"},"content":{"rendered":"<p>Jeste\u015bmy gotowi dostosowa\u0107 nasze us\u0142ugi do Twoich konkretnych potrzeb i wymaga\u0144. Niezale\u017cnie od tego, czy dopiero zaczynasz swoj\u0105 przygod\u0119 z internetowym biznesem, czy te\u017c jeste\u015b do\u015bwiadczonym graczem, nasz zesp\u00f3\u0142 ekspert\u00f3w stoi na stra\u017cy Twojego sukcesu.<\/p>\n<p>Dzi\u0119ki naszemu zaanga\u017cowaniu w Twoje cele oraz zastosowaniu najnowszych technologii, gwarantujemy nie tylko bezpiecze\u0144stwo Twoich danych, ale tak\u017ce szybko\u015b\u0107 i wydajno\u015b\u0107 Twojej strony.<\/p>\n<p>Zapraszamy do skorzystania z naszej oferty hostingowej i do\u0142\u0105czenia do grona zadowolonych klient\u00f3w, dla kt\u00f3rych stworzymy wyj\u0105tkow\u0105 przestrze\u0144 w sieci.<\/p>\n<p><strong>Dlaczego Warto Wybra\u0107 Nasz Hosting?<\/strong><\/p>\n<ol>\n<li><strong>Nieustanna Dost\u0119pno\u015b\u0107:<\/strong> Nasze serwery dzia\u0142aj\u0105 24\/7, zapewniaj\u0105c nieprzerwany dost\u0119p do Twojej strony internetowej dla odwiedzaj\u0105cych.<\/li>\n<li><strong>Szybko\u015b\u0107 i Wydajno\u015b\u0107:<\/strong> Dzi\u0119ki zaawansowanej technologii oraz optymalizacji serwer\u00f3w, gwarantujemy szybkie \u0142adowanie stron, co przek\u0142ada si\u0119 na lepsze do\u015bwiadczenie u\u017cytkownika.<\/li>\n<li><strong>Bezpiecze\u0144stwo:<\/strong> Dbamy o bezpiecze\u0144stwo Twoich danych poprzez regularne kopie zapasowe w 3 lokalizacjach oraz zabezpieczenia przed atakami cybernetycznymi.<\/li>\n<li><strong>Wsparcie Techniczne:<\/strong> Nasz zesp\u00f3\u0142 specjalist\u00f3w jest gotowy s\u0142u\u017cy\u0107 Ci pomoc\u0105 24\/7, odpowiadaj\u0105c na Twoje pytania i rozwi\u0105zuj\u0105c wszelkie problemy techniczne.<\/li>\n<li><strong>Elastyczno\u015b\u0107 i Skalowalno\u015b\u0107:<\/strong> Nasze plany hostingowe s\u0105 elastyczne i skalowalne, pozwalaj\u0105c Ci dostosowa\u0107 zasoby do zmieniaj\u0105cych si\u0119 potrzeb Twojej strony internetowej.<\/li>\n<\/ol>\n<p>&nbsp;<\/p>\n<p><strong>Rozpocznij Dzisiaj!<\/strong><\/p>\n<p>Nie czekaj d\u0142u\u017cej &#8211; do\u0142\u0105cz do naszego hostingowego \u015bwiata ju\u017c dzi\u015b i zapewnij swojej stronie internetowej solidn\u0105 i niezawodn\u0105 przestrze\u0144 w cyfrowym \u015bwiecie. Nasz zesp\u00f3\u0142 jest gotowy, by pom\u00f3c Ci w ka\u017cdym kroku Twojej internetowej podr\u00f3\u017cy.<\/p>\n","protected":false},"excerpt":{"rendered":"<p>Jeste\u015bmy gotowi dostosowa\u0107 nasze us\u0142ugi do Twoich konkretnych potrzeb i wymaga\u0144. Niezale\u017cnie od tego, czy dopiero zaczynasz swoj\u0105 przygod\u0119 z internetowym biznesem, czy te\u017c jeste\u015b do\u015bwiadczonym graczem, nasz zesp\u00f3\u0142 ekspert\u00f3w stoi na stra\u017cy Twojego sukcesu. Dzi\u0119ki naszemu zaanga\u017cowaniu w Twoje cele oraz zastosowaniu najnowszych technologii, gwarantujemy nie tylko bezpiecze\u0144stwo Twoich danych, ale tak\u017ce szybko\u015b\u0107 i&hellip;&nbsp;<a href=\"https:\/\/itsrv.pl\/?page_id=397\" class=\"\" rel=\"bookmark\">Czytaj dalej &raquo;<span class=\"screen-reader-text\">Hosting stron<\/span><\/a><\/p>\n","protected":false},"author":1,"featured_media":0,"parent":0,"menu_order":0,"comment_status":"closed","ping_status":"closed","template":"","meta":{"neve_meta_sidebar":"","neve_meta_container":"","neve_meta_enable_content_width":"off","neve_meta_content_width":100,"neve_meta_title_alignment":"","neve_meta_author_avatar":"","neve_post_elements_order":"","neve_meta_disable_header":"","neve_meta_disable_footer":"","neve_meta_disable_title":"","_themeisle_gutenberg_block_has_review":false,"_ti_tpc_template_sync":false,"_ti_tpc_template_id":"","footnotes":""},"class_list":["post-397","page","type-page","status-publish","hentry"],"_links":{"self":[{"href":"https:\/\/itsrv.pl\/index.php?rest_route=\/wp\/v2\/pages\/397","targetHints":{"allow":["GET"]}}],"collection":[{"href":"https:\/\/itsrv.pl\/index.php?rest_route=\/wp\/v2\/pages"}],"about":[{"href":"https:\/\/itsrv.pl\/index.php?rest_route=\/wp\/v2\/types\/page"}],"author":[{"embeddable":true,"href":"https:\/\/itsrv.pl\/index.php?rest_route=\/wp\/v2\/users\/1"}],"replies":[{"embeddable":true,"href":"https:\/\/itsrv.pl\/index.php?rest_route=%2Fwp%2Fv2%2Fcomments&post=397"}],"version-history":[{"count":3,"href":"https:\/\/itsrv.pl\/index.php?rest_route=\/wp\/v2\/pages\/397\/revisions"}],"predecessor-version":[{"id":407,"href":"https:\/\/itsrv.pl\/index.php?rest_route=\/wp\/v2\/pages\/397\/revisions\/407"}],"wp:attachment":[{"href":"https:\/\/itsrv.pl\/index.php?rest_route=%2Fwp%2Fv2%2Fmedia&parent=397"}],"curies":[{"name":"wp","href":"https:\/\/api.w.org\/{rel}","templated":true}]}}