{"id":390,"date":"2024-03-26T12:00:03","date_gmt":"2024-03-26T11:00:03","guid":{"rendered":"https:\/\/itsrv.pl\/?page_id=390"},"modified":"2024-03-26T12:18:57","modified_gmt":"2024-03-26T11:18:57","slug":"monitoring-cctv","status":"publish","type":"page","link":"https:\/\/itsrv.pl\/?page_id=390","title":{"rendered":"Monitoring CCTV"},"content":{"rendered":"<p>Witaj w naszej ofercie dotycz\u0105cej monitoring CCTV, gdzie zapewniamy kompleksowe rozwi\u0105zania dla zapewnienia bezpiecze\u0144stwa Twojego \u015brodowiska, zar\u00f3wno w miejscu pracy, jak i w domu.<\/p>\n<p><strong>Dlaczego My?<\/strong><\/p>\n<ol>\n<li><strong>Do\u015bwiadczenie i Profesjonalizm:<\/strong> Nasz zesp\u00f3\u0142 sk\u0142ada si\u0119 z do\u015bwiadczonych specjalist\u00f3w, kt\u00f3rzy posiadaj\u0105 wiedz\u0119 i umiej\u0119tno\u015bci potrzebne do skutecznego projektowania, instalacji i konfiguracji system\u00f3w monitoringu CCTV.<\/li>\n<li><strong>Indywidualne Podej\u015bcie:<\/strong> Rozumiemy, \u017ce ka\u017cdy klient ma unikalne potrzeby zwi\u0105zane z bezpiecze\u0144stwem. Dlatego te\u017c oferujemy indywidualne podej\u015bcie do ka\u017cdego projektu, dostosowuj\u0105c rozwi\u0105zania monitoringu do konkretnych wymaga\u0144 i warunk\u00f3w technicznych.<\/li>\n<li><strong>Najwy\u017cszej Jako\u015bci Urz\u0105dzenia:<\/strong> Stosujemy najnowocze\u015bniejsze urz\u0105dzenia i technologie, zapewniaj\u0105c najwy\u017csz\u0105 jako\u015b\u0107 obrazu i niezawodno\u015b\u0107 naszych system\u00f3w monitoringu CCTV.<\/li>\n<li><strong>Profesjonalna Instalacja i Konfiguracja:<\/strong> Nasz zesp\u00f3\u0142 dok\u0142adnie zaplanuje i zainstaluje system monitoringu, zapewniaj\u0105c optymaln\u0105 widoczno\u015b\u0107 oraz skuteczne dzia\u0142anie w ka\u017cdych warunkach.<\/li>\n<li><strong>Wsparcie i Obs\u0142uga:<\/strong> Po zainstalowaniu systemu monitoringu CCTV oferujemy ci\u0105g\u0142e wsparcie techniczne oraz pomoc w utrzymaniu i konserwacji systemu.<\/li>\n<li><strong>Zadowolenie Klienta:<\/strong> Naszym celem jest zapewnienie pe\u0142nego zadowolenia naszych klient\u00f3w poprzez dostarczenie im nie tylko wysokiej jako\u015bci us\u0142ug, ale tak\u017ce poczucia bezpiecze\u0144stwa i spokoju ducha.<\/li>\n<\/ol>\n<p>Zapraszamy do skorzystania z naszych us\u0142ug monitoringu CCTV i do\u0142\u0105czenia do grona zadowolonych klient\u00f3w, kt\u00f3rzy ciesz\u0105 si\u0119 poczuciem bezpiecze\u0144stwa dzi\u0119ki naszym rozwi\u0105zaniom.<\/p>\n","protected":false},"excerpt":{"rendered":"<p>Witaj w naszej ofercie dotycz\u0105cej monitoring CCTV, gdzie zapewniamy kompleksowe rozwi\u0105zania dla zapewnienia bezpiecze\u0144stwa Twojego \u015brodowiska, zar\u00f3wno w miejscu pracy, jak i w domu. Dlaczego My? Do\u015bwiadczenie i Profesjonalizm: Nasz zesp\u00f3\u0142 sk\u0142ada si\u0119 z do\u015bwiadczonych specjalist\u00f3w, kt\u00f3rzy posiadaj\u0105 wiedz\u0119 i umiej\u0119tno\u015bci potrzebne do skutecznego projektowania, instalacji i konfiguracji system\u00f3w monitoringu CCTV. Indywidualne Podej\u015bcie: Rozumiemy, \u017ce&hellip;&nbsp;<a href=\"https:\/\/itsrv.pl\/?page_id=390\" class=\"\" rel=\"bookmark\">Czytaj dalej &raquo;<span class=\"screen-reader-text\">Monitoring CCTV<\/span><\/a><\/p>\n","protected":false},"author":1,"featured_media":0,"parent":0,"menu_order":0,"comment_status":"closed","ping_status":"closed","template":"","meta":{"neve_meta_sidebar":"","neve_meta_container":"","neve_meta_enable_content_width":"off","neve_meta_content_width":100,"neve_meta_title_alignment":"","neve_meta_author_avatar":"","neve_post_elements_order":"","neve_meta_disable_header":"","neve_meta_disable_footer":"","neve_meta_disable_title":"","_themeisle_gutenberg_block_has_review":false,"_ti_tpc_template_sync":false,"_ti_tpc_template_id":"","footnotes":""},"class_list":["post-390","page","type-page","status-publish","hentry"],"_links":{"self":[{"href":"https:\/\/itsrv.pl\/index.php?rest_route=\/wp\/v2\/pages\/390","targetHints":{"allow":["GET"]}}],"collection":[{"href":"https:\/\/itsrv.pl\/index.php?rest_route=\/wp\/v2\/pages"}],"about":[{"href":"https:\/\/itsrv.pl\/index.php?rest_route=\/wp\/v2\/types\/page"}],"author":[{"embeddable":true,"href":"https:\/\/itsrv.pl\/index.php?rest_route=\/wp\/v2\/users\/1"}],"replies":[{"embeddable":true,"href":"https:\/\/itsrv.pl\/index.php?rest_route=%2Fwp%2Fv2%2Fcomments&post=390"}],"version-history":[{"count":2,"href":"https:\/\/itsrv.pl\/index.php?rest_route=\/wp\/v2\/pages\/390\/revisions"}],"predecessor-version":[{"id":409,"href":"https:\/\/itsrv.pl\/index.php?rest_route=\/wp\/v2\/pages\/390\/revisions\/409"}],"wp:attachment":[{"href":"https:\/\/itsrv.pl\/index.php?rest_route=%2Fwp%2Fv2%2Fmedia&parent=390"}],"curies":[{"name":"wp","href":"https:\/\/api.w.org\/{rel}","templated":true}]}}