{"id":387,"date":"2024-03-26T11:58:41","date_gmt":"2024-03-26T10:58:41","guid":{"rendered":"https:\/\/itsrv.pl\/?page_id=387"},"modified":"2024-03-26T12:21:43","modified_gmt":"2024-03-26T11:21:43","slug":"transmisje-na-zywo","status":"publish","type":"page","link":"https:\/\/itsrv.pl\/?page_id=387","title":{"rendered":"Transmisje na \u017cywo"},"content":{"rendered":"<p>Czy chcesz dotrze\u0107 do swojej widowni w spos\u00f3b bezpo\u015bredni i autentyczny? Zapewnij swoim widzom niezapomniane do\u015bwiadczenie dzi\u0119ki transmisjom na \u017cywo!<\/p>\n<p>W naszej ofercie transmisji na \u017cywo oferujemy kompleksowe rozwi\u0105zania, kt\u00f3re pozwol\u0105 Ci dotrze\u0107 do swojej widowni w czasie rzeczywistym i wzbudzi\u0107 ich zaufanie oraz zainteresowanie.<\/p>\n<p>Dlaczego warto skorzysta\u0107 z naszej oferty?<\/p>\n<ol>\n<li><strong>Profesjonalne Wykonanie:<\/strong> Nasz do\u015bwiadczony zesp\u00f3\u0142 zapewni Ci profesjonalne wykonanie transmisji na \u017cywo, dbaj\u0105c o ka\u017cdy detal, aby Twoja widownia mog\u0142a cieszy\u0107 si\u0119 wysok\u0105 jako\u015bci\u0105 i klarowno\u015bci\u0105 obrazu oraz d\u017awi\u0119ku.<\/li>\n<li><strong>Najnowocze\u015bniejsza Technologia:<\/strong> Stawiamy na innowacje, dlatego korzystamy z najnowszych technologii, kt\u00f3re zapewniaj\u0105 p\u0142ynno\u015b\u0107 i stabilno\u015b\u0107 transmisji, nawet przy du\u017cym obci\u0105\u017ceniu sieci.<\/li>\n<li><strong>Dostosowane Rozwi\u0105zania:<\/strong> Rozumiemy, \u017ce ka\u017cdy projekt jest inny. Dlatego te\u017c oferujemy dostosowane rozwi\u0105zania, kt\u00f3re spe\u0142ni\u0105 Twoje indywidualne potrzeby i oczekiwania.<\/li>\n<li><strong>Wsparcie Techniczne:<\/strong> Nasz zesp\u00f3\u0142 techniczny stoi do dyspozycji, aby zapewni\u0107 Ci pe\u0142ne wsparcie techniczne na ka\u017cdym etapie realizacji transmisji na \u017cywo &#8211; od planowania po wykonanie.<\/li>\n<li><strong>Interakcja z Widzami:<\/strong> Dzi\u0119ki transmisjom na \u017cywo mo\u017cesz bezpo\u015brednio komunikowa\u0107 si\u0119 ze swoj\u0105 widowni\u0105, odpowiadaj\u0105c na pytania, reaguj\u0105c na ich komentarze i buduj\u0105c silniejsze relacje z Twoj\u0105 spo\u0142eczno\u015bci\u0105.<\/li>\n<\/ol>\n<p>Nie czekaj d\u0142u\u017cej &#8211; si\u0119gnij po mo\u017cliwo\u015b\u0107 dotarcia do swojej widowni w spos\u00f3b autentyczny i efektywny. Skorzystaj z naszej oferty transmisji na \u017cywo i spraw, by Twoje wydarzenie by\u0142o zapami\u0119tane na d\u0142ugo.<\/p>\n","protected":false},"excerpt":{"rendered":"<p>Czy chcesz dotrze\u0107 do swojej widowni w spos\u00f3b bezpo\u015bredni i autentyczny? Zapewnij swoim widzom niezapomniane do\u015bwiadczenie dzi\u0119ki transmisjom na \u017cywo! W naszej ofercie transmisji na \u017cywo oferujemy kompleksowe rozwi\u0105zania, kt\u00f3re pozwol\u0105 Ci dotrze\u0107 do swojej widowni w czasie rzeczywistym i wzbudzi\u0107 ich zaufanie oraz zainteresowanie. Dlaczego warto skorzysta\u0107 z naszej oferty? Profesjonalne Wykonanie: Nasz do\u015bwiadczony&hellip;&nbsp;<a href=\"https:\/\/itsrv.pl\/?page_id=387\" class=\"\" rel=\"bookmark\">Czytaj dalej &raquo;<span class=\"screen-reader-text\">Transmisje na \u017cywo<\/span><\/a><\/p>\n","protected":false},"author":1,"featured_media":0,"parent":0,"menu_order":0,"comment_status":"closed","ping_status":"closed","template":"","meta":{"neve_meta_sidebar":"","neve_meta_container":"","neve_meta_enable_content_width":"off","neve_meta_content_width":100,"neve_meta_title_alignment":"","neve_meta_author_avatar":"","neve_post_elements_order":"","neve_meta_disable_header":"","neve_meta_disable_footer":"","neve_meta_disable_title":"","_themeisle_gutenberg_block_has_review":false,"_ti_tpc_template_sync":false,"_ti_tpc_template_id":"","footnotes":""},"class_list":["post-387","page","type-page","status-publish","hentry"],"_links":{"self":[{"href":"https:\/\/itsrv.pl\/index.php?rest_route=\/wp\/v2\/pages\/387","targetHints":{"allow":["GET"]}}],"collection":[{"href":"https:\/\/itsrv.pl\/index.php?rest_route=\/wp\/v2\/pages"}],"about":[{"href":"https:\/\/itsrv.pl\/index.php?rest_route=\/wp\/v2\/types\/page"}],"author":[{"embeddable":true,"href":"https:\/\/itsrv.pl\/index.php?rest_route=\/wp\/v2\/users\/1"}],"replies":[{"embeddable":true,"href":"https:\/\/itsrv.pl\/index.php?rest_route=%2Fwp%2Fv2%2Fcomments&post=387"}],"version-history":[{"count":2,"href":"https:\/\/itsrv.pl\/index.php?rest_route=\/wp\/v2\/pages\/387\/revisions"}],"predecessor-version":[{"id":411,"href":"https:\/\/itsrv.pl\/index.php?rest_route=\/wp\/v2\/pages\/387\/revisions\/411"}],"wp:attachment":[{"href":"https:\/\/itsrv.pl\/index.php?rest_route=%2Fwp%2Fv2%2Fmedia&parent=387"}],"curies":[{"name":"wp","href":"https:\/\/api.w.org\/{rel}","templated":true}]}}